{"id":43,"date":"2020-10-12T12:27:08","date_gmt":"2020-10-12T12:27:08","guid":{"rendered":"http:\/\/poste20.web-ecole.fr\/?page_id=43"},"modified":"2020-12-31T20:47:27","modified_gmt":"2020-12-31T19:47:27","slug":"rejoignez-nous","status":"publish","type":"page","link":"https:\/\/gueouldiaspora.org\/?page_id=43","title":{"rendered":"Nous Contacter"},"content":{"rendered":"\n<div class=\"wp-block-group\"><div class=\"wp-block-group__inner-container is-layout-flow wp-block-group-is-layout-flow\"><div class=\"wpforms-container wpforms-container-full wpforms-block\" id=\"wpforms-437\"><form id=\"wpforms-form-437\" class=\"wpforms-validate wpforms-form\" data-formid=\"437\" method=\"post\" enctype=\"multipart\/form-data\" action=\"\/index.php?rest_route=%2Fwp%2Fv2%2Fpages%2F43\" data-token=\"103e09af05676697e1428bb307b995d5\" data-token-time=\"1777465887\"><noscript class=\"wpforms-error-noscript\">Veuillez activer JavaScript dans votre navigateur pour remplir ce formulaire.<\/noscript><div class=\"wpforms-field-container\"><div id=\"wpforms-437-field_0-container\" class=\"wpforms-field wpforms-field-name\" data-field-id=\"0\"><label class=\"wpforms-field-label\">Nom <span class=\"wpforms-required-label\">*<\/span><\/label><div class=\"wpforms-field-row wpforms-field-medium\"><div class=\"wpforms-field-row-block wpforms-first wpforms-one-half\"><input type=\"text\" id=\"wpforms-437-field_0\" class=\"wpforms-field-name-first wpforms-field-required\" name=\"wpforms[fields][0][first]\" required><label for=\"wpforms-437-field_0\" class=\"wpforms-field-sublabel after\">Pr\u00e9nom<\/label><\/div><div class=\"wpforms-field-row-block wpforms-one-half\"><input type=\"text\" id=\"wpforms-437-field_0-last\" class=\"wpforms-field-name-last wpforms-field-required\" name=\"wpforms[fields][0][last]\" required><label for=\"wpforms-437-field_0-last\" class=\"wpforms-field-sublabel after\">Nom<\/label><\/div><\/div><\/div><div id=\"wpforms-437-field_1-container\" class=\"wpforms-field wpforms-field-email\" data-field-id=\"1\"><label class=\"wpforms-field-label\" for=\"wpforms-437-field_1\">E-mail <span class=\"wpforms-required-label\">*<\/span><\/label><input type=\"email\" id=\"wpforms-437-field_1\" class=\"wpforms-field-medium wpforms-field-required\" name=\"wpforms[fields][1]\" spellcheck=\"false\" required><\/div><div id=\"wpforms-437-field_2-container\" class=\"wpforms-field wpforms-field-textarea\" data-field-id=\"2\"><label class=\"wpforms-field-label\" for=\"wpforms-437-field_2\">Commentaire ou message <span class=\"wpforms-required-label\">*<\/span><\/label><textarea id=\"wpforms-437-field_2\" class=\"wpforms-field-medium wpforms-field-required\" name=\"wpforms[fields][2]\" required><\/textarea><\/div><\/div><!-- .wpforms-field-container --><div class=\"wpforms-submit-container\" ><input type=\"hidden\" name=\"wpforms[id]\" value=\"437\"><input type=\"hidden\" name=\"page_title\" value=\"\"><input type=\"hidden\" name=\"page_url\" value=\"https:\/\/gueouldiaspora.org\/index.php?rest_route=\/wp\/v2\/pages\/43\"><input type=\"hidden\" name=\"url_referer\" value=\"\"><button type=\"submit\" name=\"wpforms[submit]\" id=\"wpforms-submit-437\" class=\"wpforms-submit\" data-alt-text=\"Envoi...\" data-submit-text=\"Envoyer\" aria-live=\"assertive\" value=\"wpforms-submit\">Envoyer<\/button><\/div><\/form><\/div>  <!-- .wpforms-container --><\/div><\/div>\n\n\n\n<pre class=\"wp-block-preformatted\"><span style=\"color:#075272\" class=\"tadv-color\">Adresse :\n<strong>Gu\u00e9oul Diaspora\n381 lieu dit Moyenne Corniche des Pugets \n06700 Saint-Laurent-du-Var<\/strong>\n\nT\u00e9l\u00e9phone\n<strong>0668162140<\/strong>\n\nEmail :\n<strong>contact@gueouldiaspora.org<\/strong><\/span><\/pre>\n\n\n\n<p><\/p>\n","protected":false},"excerpt":{"rendered":"<p>Adresse : Gu\u00e9oul Diaspora 381 lieu dit Moyenne Corniche des Pugets 06700 Saint-Laurent-du-Var T\u00e9l\u00e9phone 0668162140 Email : contact@gueouldiaspora.org<\/p>\n","protected":false},"author":2,"featured_media":0,"parent":0,"menu_order":0,"comment_status":"closed","ping_status":"closed","template":"","meta":{"footnotes":""},"class_list":["post-43","page","type-page","status-publish","hentry"],"yoast_head":"<!-- This site is optimized with the Yoast SEO plugin v24.9 - https:\/\/yoast.com\/wordpress\/plugins\/seo\/ -->\n<title>Nous Contacter - F\u00e9d\u00e9ration Gu\u00e9oul Diaspora<\/title>\n<meta name=\"robots\" content=\"index, follow, max-snippet:-1, max-image-preview:large, max-video-preview:-1\" \/>\n<link rel=\"canonical\" href=\"https:\/\/gueouldiaspora.org\/?page_id=43\" \/>\n<meta property=\"og:locale\" content=\"fr_FR\" \/>\n<meta property=\"og:type\" content=\"article\" \/>\n<meta property=\"og:title\" content=\"Nous Contacter - F\u00e9d\u00e9ration Gu\u00e9oul Diaspora\" \/>\n<meta property=\"og:description\" content=\"Adresse : Gu\u00e9oul Diaspora 381 lieu dit Moyenne Corniche des Pugets 06700 Saint-Laurent-du-Var T\u00e9l\u00e9phone 0668162140 Email : contact@gueouldiaspora.org\" \/>\n<meta property=\"og:url\" content=\"https:\/\/gueouldiaspora.org\/?page_id=43\" \/>\n<meta property=\"og:site_name\" content=\"F\u00e9d\u00e9ration Gu\u00e9oul Diaspora\" \/>\n<meta property=\"article:modified_time\" content=\"2020-12-31T19:47:27+00:00\" \/>\n<script type=\"application\/ld+json\" class=\"yoast-schema-graph\">{\"@context\":\"https:\/\/schema.org\",\"@graph\":[{\"@type\":\"WebPage\",\"@id\":\"https:\/\/gueouldiaspora.org\/?page_id=43\",\"url\":\"https:\/\/gueouldiaspora.org\/?page_id=43\",\"name\":\"Nous Contacter - F\u00e9d\u00e9ration Gu\u00e9oul Diaspora\",\"isPartOf\":{\"@id\":\"https:\/\/gueouldiaspora.org\/#website\"},\"datePublished\":\"2020-10-12T12:27:08+00:00\",\"dateModified\":\"2020-12-31T19:47:27+00:00\",\"inLanguage\":\"fr-FR\",\"potentialAction\":[{\"@type\":\"ReadAction\",\"target\":[\"https:\/\/gueouldiaspora.org\/?page_id=43\"]}]},{\"@type\":\"WebSite\",\"@id\":\"https:\/\/gueouldiaspora.org\/#website\",\"url\":\"https:\/\/gueouldiaspora.org\/\",\"name\":\"F\u00e9d\u00e9ration Gu\u00e9oul Diaspora\",\"description\":\"S&#039;unir pour mieux Servir\",\"potentialAction\":[{\"@type\":\"SearchAction\",\"target\":{\"@type\":\"EntryPoint\",\"urlTemplate\":\"https:\/\/gueouldiaspora.org\/?s={search_term_string}\"},\"query-input\":{\"@type\":\"PropertyValueSpecification\",\"valueRequired\":true,\"valueName\":\"search_term_string\"}}],\"inLanguage\":\"fr-FR\"}]}<\/script>\n<!-- \/ Yoast SEO plugin. -->","yoast_head_json":{"title":"Nous Contacter - F\u00e9d\u00e9ration Gu\u00e9oul Diaspora","robots":{"index":"index","follow":"follow","max-snippet":"max-snippet:-1","max-image-preview":"max-image-preview:large","max-video-preview":"max-video-preview:-1"},"canonical":"https:\/\/gueouldiaspora.org\/?page_id=43","og_locale":"fr_FR","og_type":"article","og_title":"Nous Contacter - F\u00e9d\u00e9ration Gu\u00e9oul Diaspora","og_description":"Adresse : Gu\u00e9oul Diaspora 381 lieu dit Moyenne Corniche des Pugets 06700 Saint-Laurent-du-Var T\u00e9l\u00e9phone 0668162140 Email : contact@gueouldiaspora.org","og_url":"https:\/\/gueouldiaspora.org\/?page_id=43","og_site_name":"F\u00e9d\u00e9ration Gu\u00e9oul Diaspora","article_modified_time":"2020-12-31T19:47:27+00:00","schema":{"@context":"https:\/\/schema.org","@graph":[{"@type":"WebPage","@id":"https:\/\/gueouldiaspora.org\/?page_id=43","url":"https:\/\/gueouldiaspora.org\/?page_id=43","name":"Nous Contacter - F\u00e9d\u00e9ration Gu\u00e9oul Diaspora","isPartOf":{"@id":"https:\/\/gueouldiaspora.org\/#website"},"datePublished":"2020-10-12T12:27:08+00:00","dateModified":"2020-12-31T19:47:27+00:00","inLanguage":"fr-FR","potentialAction":[{"@type":"ReadAction","target":["https:\/\/gueouldiaspora.org\/?page_id=43"]}]},{"@type":"WebSite","@id":"https:\/\/gueouldiaspora.org\/#website","url":"https:\/\/gueouldiaspora.org\/","name":"F\u00e9d\u00e9ration Gu\u00e9oul Diaspora","description":"S&#039;unir pour mieux Servir","potentialAction":[{"@type":"SearchAction","target":{"@type":"EntryPoint","urlTemplate":"https:\/\/gueouldiaspora.org\/?s={search_term_string}"},"query-input":{"@type":"PropertyValueSpecification","valueRequired":true,"valueName":"search_term_string"}}],"inLanguage":"fr-FR"}]}},"_links":{"self":[{"href":"https:\/\/gueouldiaspora.org\/index.php?rest_route=\/wp\/v2\/pages\/43","targetHints":{"allow":["GET"]}}],"collection":[{"href":"https:\/\/gueouldiaspora.org\/index.php?rest_route=\/wp\/v2\/pages"}],"about":[{"href":"https:\/\/gueouldiaspora.org\/index.php?rest_route=\/wp\/v2\/types\/page"}],"author":[{"embeddable":true,"href":"https:\/\/gueouldiaspora.org\/index.php?rest_route=\/wp\/v2\/users\/2"}],"replies":[{"embeddable":true,"href":"https:\/\/gueouldiaspora.org\/index.php?rest_route=%2Fwp%2Fv2%2Fcomments&post=43"}],"version-history":[{"count":1,"href":"https:\/\/gueouldiaspora.org\/index.php?rest_route=\/wp\/v2\/pages\/43\/revisions"}],"predecessor-version":[{"id":438,"href":"https:\/\/gueouldiaspora.org\/index.php?rest_route=\/wp\/v2\/pages\/43\/revisions\/438"}],"wp:attachment":[{"href":"https:\/\/gueouldiaspora.org\/index.php?rest_route=%2Fwp%2Fv2%2Fmedia&parent=43"}],"curies":[{"name":"wp","href":"https:\/\/api.w.org\/{rel}","templated":true}]}}