{"id":288,"date":"2020-11-25T13:43:11","date_gmt":"2020-11-25T13:43:11","guid":{"rendered":"http:\/\/poste20.web-ecole.fr\/?page_id=288"},"modified":"2020-11-25T13:43:11","modified_gmt":"2020-11-25T13:43:11","slug":"cotisations-mensuelles","status":"publish","type":"page","link":"https:\/\/gueouldiaspora.org\/?page_id=288","title":{"rendered":"Dons et cotisations mensuelles"},"content":{"rendered":"\n<p class=\"has-medium-font-size\"><strong>Aidez nous \u00e0 r\u00e9aliser nos objectifs<\/strong><\/p>\n\n\n\n<p><\/p>\n\n\n\n<iframe id=\"haWidget\" allowtransparency=\"true\" scrolling=\"auto\" src=\"https:\/\/www.helloasso.com\/associations\/federation-gueoul-diaspora\/formulaires\/1\/widget\" style=\"width:100%;height:750px;border:none;\" onload=\"window.scroll(0, this.offsetTop)\"><\/iframe>\n\n\n\n<p><\/p>\n","protected":false},"excerpt":{"rendered":"<p>Aidez nous \u00e0 r\u00e9aliser nos objectifs<\/p>\n","protected":false},"author":2,"featured_media":405,"parent":0,"menu_order":0,"comment_status":"closed","ping_status":"closed","template":"","meta":{"footnotes":""},"class_list":["post-288","page","type-page","status-publish","has-post-thumbnail","hentry"],"yoast_head":"<!-- This site is optimized with the Yoast SEO plugin v24.9 - https:\/\/yoast.com\/wordpress\/plugins\/seo\/ -->\n<title>Dons et cotisations mensuelles - F\u00e9d\u00e9ration Gu\u00e9oul Diaspora<\/title>\n<meta name=\"robots\" content=\"index, follow, max-snippet:-1, max-image-preview:large, max-video-preview:-1\" \/>\n<link rel=\"canonical\" href=\"https:\/\/gueouldiaspora.org\/?page_id=288\" \/>\n<meta property=\"og:locale\" content=\"fr_FR\" \/>\n<meta property=\"og:type\" content=\"article\" \/>\n<meta property=\"og:title\" content=\"Dons et cotisations mensuelles - F\u00e9d\u00e9ration Gu\u00e9oul Diaspora\" \/>\n<meta property=\"og:description\" content=\"Aidez nous \u00e0 r\u00e9aliser nos objectifs\" \/>\n<meta property=\"og:url\" content=\"https:\/\/gueouldiaspora.org\/?page_id=288\" \/>\n<meta property=\"og:site_name\" content=\"F\u00e9d\u00e9ration Gu\u00e9oul Diaspora\" \/>\n<meta property=\"og:image\" content=\"https:\/\/gueouldiaspora.org\/wp-content\/uploads\/2020\/12\/don.jpg\" \/>\n\t<meta property=\"og:image:width\" content=\"532\" \/>\n\t<meta property=\"og:image:height\" content=\"236\" \/>\n\t<meta property=\"og:image:type\" content=\"image\/jpeg\" \/>\n<script type=\"application\/ld+json\" class=\"yoast-schema-graph\">{\"@context\":\"https:\/\/schema.org\",\"@graph\":[{\"@type\":\"WebPage\",\"@id\":\"https:\/\/gueouldiaspora.org\/?page_id=288\",\"url\":\"https:\/\/gueouldiaspora.org\/?page_id=288\",\"name\":\"Dons et cotisations mensuelles - F\u00e9d\u00e9ration Gu\u00e9oul Diaspora\",\"isPartOf\":{\"@id\":\"https:\/\/gueouldiaspora.org\/#website\"},\"primaryImageOfPage\":{\"@id\":\"https:\/\/gueouldiaspora.org\/?page_id=288#primaryimage\"},\"image\":{\"@id\":\"https:\/\/gueouldiaspora.org\/?page_id=288#primaryimage\"},\"thumbnailUrl\":\"https:\/\/gueouldiaspora.org\/wp-content\/uploads\/2020\/12\/don.jpg\",\"datePublished\":\"2020-11-25T13:43:11+00:00\",\"inLanguage\":\"fr-FR\",\"potentialAction\":[{\"@type\":\"ReadAction\",\"target\":[\"https:\/\/gueouldiaspora.org\/?page_id=288\"]}]},{\"@type\":\"ImageObject\",\"inLanguage\":\"fr-FR\",\"@id\":\"https:\/\/gueouldiaspora.org\/?page_id=288#primaryimage\",\"url\":\"https:\/\/gueouldiaspora.org\/wp-content\/uploads\/2020\/12\/don.jpg\",\"contentUrl\":\"https:\/\/gueouldiaspora.org\/wp-content\/uploads\/2020\/12\/don.jpg\",\"width\":532,\"height\":236},{\"@type\":\"WebSite\",\"@id\":\"https:\/\/gueouldiaspora.org\/#website\",\"url\":\"https:\/\/gueouldiaspora.org\/\",\"name\":\"F\u00e9d\u00e9ration Gu\u00e9oul Diaspora\",\"description\":\"S&#039;unir pour mieux Servir\",\"potentialAction\":[{\"@type\":\"SearchAction\",\"target\":{\"@type\":\"EntryPoint\",\"urlTemplate\":\"https:\/\/gueouldiaspora.org\/?s={search_term_string}\"},\"query-input\":{\"@type\":\"PropertyValueSpecification\",\"valueRequired\":true,\"valueName\":\"search_term_string\"}}],\"inLanguage\":\"fr-FR\"}]}<\/script>\n<!-- \/ Yoast SEO plugin. -->","yoast_head_json":{"title":"Dons et cotisations mensuelles - F\u00e9d\u00e9ration Gu\u00e9oul Diaspora","robots":{"index":"index","follow":"follow","max-snippet":"max-snippet:-1","max-image-preview":"max-image-preview:large","max-video-preview":"max-video-preview:-1"},"canonical":"https:\/\/gueouldiaspora.org\/?page_id=288","og_locale":"fr_FR","og_type":"article","og_title":"Dons et cotisations mensuelles - F\u00e9d\u00e9ration Gu\u00e9oul Diaspora","og_description":"Aidez nous \u00e0 r\u00e9aliser nos objectifs","og_url":"https:\/\/gueouldiaspora.org\/?page_id=288","og_site_name":"F\u00e9d\u00e9ration Gu\u00e9oul Diaspora","og_image":[{"width":532,"height":236,"url":"https:\/\/gueouldiaspora.org\/wp-content\/uploads\/2020\/12\/don.jpg","type":"image\/jpeg"}],"schema":{"@context":"https:\/\/schema.org","@graph":[{"@type":"WebPage","@id":"https:\/\/gueouldiaspora.org\/?page_id=288","url":"https:\/\/gueouldiaspora.org\/?page_id=288","name":"Dons et cotisations mensuelles - F\u00e9d\u00e9ration Gu\u00e9oul Diaspora","isPartOf":{"@id":"https:\/\/gueouldiaspora.org\/#website"},"primaryImageOfPage":{"@id":"https:\/\/gueouldiaspora.org\/?page_id=288#primaryimage"},"image":{"@id":"https:\/\/gueouldiaspora.org\/?page_id=288#primaryimage"},"thumbnailUrl":"https:\/\/gueouldiaspora.org\/wp-content\/uploads\/2020\/12\/don.jpg","datePublished":"2020-11-25T13:43:11+00:00","inLanguage":"fr-FR","potentialAction":[{"@type":"ReadAction","target":["https:\/\/gueouldiaspora.org\/?page_id=288"]}]},{"@type":"ImageObject","inLanguage":"fr-FR","@id":"https:\/\/gueouldiaspora.org\/?page_id=288#primaryimage","url":"https:\/\/gueouldiaspora.org\/wp-content\/uploads\/2020\/12\/don.jpg","contentUrl":"https:\/\/gueouldiaspora.org\/wp-content\/uploads\/2020\/12\/don.jpg","width":532,"height":236},{"@type":"WebSite","@id":"https:\/\/gueouldiaspora.org\/#website","url":"https:\/\/gueouldiaspora.org\/","name":"F\u00e9d\u00e9ration Gu\u00e9oul Diaspora","description":"S&#039;unir pour mieux Servir","potentialAction":[{"@type":"SearchAction","target":{"@type":"EntryPoint","urlTemplate":"https:\/\/gueouldiaspora.org\/?s={search_term_string}"},"query-input":{"@type":"PropertyValueSpecification","valueRequired":true,"valueName":"search_term_string"}}],"inLanguage":"fr-FR"}]}},"_links":{"self":[{"href":"https:\/\/gueouldiaspora.org\/index.php?rest_route=\/wp\/v2\/pages\/288","targetHints":{"allow":["GET"]}}],"collection":[{"href":"https:\/\/gueouldiaspora.org\/index.php?rest_route=\/wp\/v2\/pages"}],"about":[{"href":"https:\/\/gueouldiaspora.org\/index.php?rest_route=\/wp\/v2\/types\/page"}],"author":[{"embeddable":true,"href":"https:\/\/gueouldiaspora.org\/index.php?rest_route=\/wp\/v2\/users\/2"}],"replies":[{"embeddable":true,"href":"https:\/\/gueouldiaspora.org\/index.php?rest_route=%2Fwp%2Fv2%2Fcomments&post=288"}],"version-history":[{"count":0,"href":"https:\/\/gueouldiaspora.org\/index.php?rest_route=\/wp\/v2\/pages\/288\/revisions"}],"wp:featuredmedia":[{"embeddable":true,"href":"https:\/\/gueouldiaspora.org\/index.php?rest_route=\/wp\/v2\/media\/405"}],"wp:attachment":[{"href":"https:\/\/gueouldiaspora.org\/index.php?rest_route=%2Fwp%2Fv2%2Fmedia&parent=288"}],"curies":[{"name":"wp","href":"https:\/\/api.w.org\/{rel}","templated":true}]}}