{"id":286,"date":"2020-11-25T13:42:38","date_gmt":"2020-11-25T13:42:38","guid":{"rendered":"http:\/\/poste20.web-ecole.fr\/?page_id=286"},"modified":"2020-11-25T13:42:38","modified_gmt":"2020-11-25T13:42:38","slug":"adhesion","status":"publish","type":"page","link":"https:\/\/gueouldiaspora.org\/?page_id=286","title":{"rendered":"Adh\u00e9sion"},"content":{"rendered":"\n<p class=\"has-medium-font-size\"><strong>Rejoignez la communaut\u00e9 des Gu\u00e9oulois(es)<\/strong><\/p>\n\n\n\n<iframe id=\"haWidget\" allowtransparency=\"true\" src=\"https:\/\/www.helloasso.com\/associations\/federation-gueoul-diaspora\/adhesions\/federation-gueoul-diaspora-adhesion\/widget-vignette\" style=\"width:300px;height:600px;border:none;\"><\/iframe><div style=\"width:100%;text-align:center;\">Propuls\u00e9 par <a href=\"https:\/\/www.helloasso.com\" rel=\"nofollow\">HelloAsso<\/a><\/div>\n\n\n\n<p><\/p>\n","protected":false},"excerpt":{"rendered":"<p>Rejoignez la communaut\u00e9 des Gu\u00e9oulois(es) Propuls\u00e9 par HelloAsso<\/p>\n","protected":false},"author":2,"featured_media":407,"parent":0,"menu_order":0,"comment_status":"closed","ping_status":"closed","template":"","meta":{"footnotes":""},"class_list":["post-286","page","type-page","status-publish","has-post-thumbnail","hentry"],"yoast_head":"<!-- This site is optimized with the Yoast SEO plugin v24.9 - https:\/\/yoast.com\/wordpress\/plugins\/seo\/ -->\n<title>Adh\u00e9sion - F\u00e9d\u00e9ration Gu\u00e9oul Diaspora<\/title>\n<meta name=\"robots\" content=\"index, follow, max-snippet:-1, max-image-preview:large, max-video-preview:-1\" \/>\n<link rel=\"canonical\" href=\"https:\/\/gueouldiaspora.org\/?page_id=286\" \/>\n<meta property=\"og:locale\" content=\"fr_FR\" \/>\n<meta property=\"og:type\" content=\"article\" \/>\n<meta property=\"og:title\" content=\"Adh\u00e9sion - F\u00e9d\u00e9ration Gu\u00e9oul Diaspora\" \/>\n<meta property=\"og:description\" content=\"Rejoignez la communaut\u00e9 des Gu\u00e9oulois(es) Propuls\u00e9 par HelloAsso\" \/>\n<meta property=\"og:url\" content=\"https:\/\/gueouldiaspora.org\/?page_id=286\" \/>\n<meta property=\"og:site_name\" content=\"F\u00e9d\u00e9ration Gu\u00e9oul Diaspora\" \/>\n<meta property=\"og:image\" content=\"https:\/\/gueouldiaspora.org\/wp-content\/uploads\/2020\/12\/adhesion.jpg\" \/>\n\t<meta property=\"og:image:width\" content=\"532\" \/>\n\t<meta property=\"og:image:height\" content=\"236\" \/>\n\t<meta property=\"og:image:type\" content=\"image\/jpeg\" \/>\n<script type=\"application\/ld+json\" class=\"yoast-schema-graph\">{\"@context\":\"https:\/\/schema.org\",\"@graph\":[{\"@type\":\"WebPage\",\"@id\":\"https:\/\/gueouldiaspora.org\/?page_id=286\",\"url\":\"https:\/\/gueouldiaspora.org\/?page_id=286\",\"name\":\"Adh\u00e9sion - F\u00e9d\u00e9ration Gu\u00e9oul Diaspora\",\"isPartOf\":{\"@id\":\"https:\/\/gueouldiaspora.org\/#website\"},\"primaryImageOfPage\":{\"@id\":\"https:\/\/gueouldiaspora.org\/?page_id=286#primaryimage\"},\"image\":{\"@id\":\"https:\/\/gueouldiaspora.org\/?page_id=286#primaryimage\"},\"thumbnailUrl\":\"https:\/\/gueouldiaspora.org\/wp-content\/uploads\/2020\/12\/adhesion.jpg\",\"datePublished\":\"2020-11-25T13:42:38+00:00\",\"inLanguage\":\"fr-FR\",\"potentialAction\":[{\"@type\":\"ReadAction\",\"target\":[\"https:\/\/gueouldiaspora.org\/?page_id=286\"]}]},{\"@type\":\"ImageObject\",\"inLanguage\":\"fr-FR\",\"@id\":\"https:\/\/gueouldiaspora.org\/?page_id=286#primaryimage\",\"url\":\"https:\/\/gueouldiaspora.org\/wp-content\/uploads\/2020\/12\/adhesion.jpg\",\"contentUrl\":\"https:\/\/gueouldiaspora.org\/wp-content\/uploads\/2020\/12\/adhesion.jpg\",\"width\":532,\"height\":236},{\"@type\":\"WebSite\",\"@id\":\"https:\/\/gueouldiaspora.org\/#website\",\"url\":\"https:\/\/gueouldiaspora.org\/\",\"name\":\"F\u00e9d\u00e9ration Gu\u00e9oul Diaspora\",\"description\":\"S&#039;unir pour mieux Servir\",\"potentialAction\":[{\"@type\":\"SearchAction\",\"target\":{\"@type\":\"EntryPoint\",\"urlTemplate\":\"https:\/\/gueouldiaspora.org\/?s={search_term_string}\"},\"query-input\":{\"@type\":\"PropertyValueSpecification\",\"valueRequired\":true,\"valueName\":\"search_term_string\"}}],\"inLanguage\":\"fr-FR\"}]}<\/script>\n<!-- \/ Yoast SEO plugin. -->","yoast_head_json":{"title":"Adh\u00e9sion - F\u00e9d\u00e9ration Gu\u00e9oul Diaspora","robots":{"index":"index","follow":"follow","max-snippet":"max-snippet:-1","max-image-preview":"max-image-preview:large","max-video-preview":"max-video-preview:-1"},"canonical":"https:\/\/gueouldiaspora.org\/?page_id=286","og_locale":"fr_FR","og_type":"article","og_title":"Adh\u00e9sion - F\u00e9d\u00e9ration Gu\u00e9oul Diaspora","og_description":"Rejoignez la communaut\u00e9 des Gu\u00e9oulois(es) Propuls\u00e9 par HelloAsso","og_url":"https:\/\/gueouldiaspora.org\/?page_id=286","og_site_name":"F\u00e9d\u00e9ration Gu\u00e9oul Diaspora","og_image":[{"width":532,"height":236,"url":"https:\/\/gueouldiaspora.org\/wp-content\/uploads\/2020\/12\/adhesion.jpg","type":"image\/jpeg"}],"schema":{"@context":"https:\/\/schema.org","@graph":[{"@type":"WebPage","@id":"https:\/\/gueouldiaspora.org\/?page_id=286","url":"https:\/\/gueouldiaspora.org\/?page_id=286","name":"Adh\u00e9sion - F\u00e9d\u00e9ration Gu\u00e9oul Diaspora","isPartOf":{"@id":"https:\/\/gueouldiaspora.org\/#website"},"primaryImageOfPage":{"@id":"https:\/\/gueouldiaspora.org\/?page_id=286#primaryimage"},"image":{"@id":"https:\/\/gueouldiaspora.org\/?page_id=286#primaryimage"},"thumbnailUrl":"https:\/\/gueouldiaspora.org\/wp-content\/uploads\/2020\/12\/adhesion.jpg","datePublished":"2020-11-25T13:42:38+00:00","inLanguage":"fr-FR","potentialAction":[{"@type":"ReadAction","target":["https:\/\/gueouldiaspora.org\/?page_id=286"]}]},{"@type":"ImageObject","inLanguage":"fr-FR","@id":"https:\/\/gueouldiaspora.org\/?page_id=286#primaryimage","url":"https:\/\/gueouldiaspora.org\/wp-content\/uploads\/2020\/12\/adhesion.jpg","contentUrl":"https:\/\/gueouldiaspora.org\/wp-content\/uploads\/2020\/12\/adhesion.jpg","width":532,"height":236},{"@type":"WebSite","@id":"https:\/\/gueouldiaspora.org\/#website","url":"https:\/\/gueouldiaspora.org\/","name":"F\u00e9d\u00e9ration Gu\u00e9oul Diaspora","description":"S&#039;unir pour mieux Servir","potentialAction":[{"@type":"SearchAction","target":{"@type":"EntryPoint","urlTemplate":"https:\/\/gueouldiaspora.org\/?s={search_term_string}"},"query-input":{"@type":"PropertyValueSpecification","valueRequired":true,"valueName":"search_term_string"}}],"inLanguage":"fr-FR"}]}},"_links":{"self":[{"href":"https:\/\/gueouldiaspora.org\/index.php?rest_route=\/wp\/v2\/pages\/286","targetHints":{"allow":["GET"]}}],"collection":[{"href":"https:\/\/gueouldiaspora.org\/index.php?rest_route=\/wp\/v2\/pages"}],"about":[{"href":"https:\/\/gueouldiaspora.org\/index.php?rest_route=\/wp\/v2\/types\/page"}],"author":[{"embeddable":true,"href":"https:\/\/gueouldiaspora.org\/index.php?rest_route=\/wp\/v2\/users\/2"}],"replies":[{"embeddable":true,"href":"https:\/\/gueouldiaspora.org\/index.php?rest_route=%2Fwp%2Fv2%2Fcomments&post=286"}],"version-history":[{"count":0,"href":"https:\/\/gueouldiaspora.org\/index.php?rest_route=\/wp\/v2\/pages\/286\/revisions"}],"wp:featuredmedia":[{"embeddable":true,"href":"https:\/\/gueouldiaspora.org\/index.php?rest_route=\/wp\/v2\/media\/407"}],"wp:attachment":[{"href":"https:\/\/gueouldiaspora.org\/index.php?rest_route=%2Fwp%2Fv2%2Fmedia&parent=286"}],"curies":[{"name":"wp","href":"https:\/\/api.w.org\/{rel}","templated":true}]}}