{"id":198,"date":"2020-10-26T11:45:54","date_gmt":"2020-10-26T11:45:54","guid":{"rendered":"http:\/\/poste20.web-ecole.fr\/?page_id=198"},"modified":"2020-10-26T11:45:54","modified_gmt":"2020-10-26T11:45:54","slug":"gueoul","status":"publish","type":"page","link":"https:\/\/gueouldiaspora.org\/?page_id=198","title":{"rendered":"Gu\u00e9oul"},"content":{"rendered":"\n<p class=\"has-medium-font-size\"><strong>D\u00e9couvrez notre commune<\/strong><\/p>\n\n\n\n<p>Gu\u00e9oul vue du ciel par EL Mamoun<\/p>\n\n\n\n<figure class=\"wp-block-embed-youtube wp-block-embed is-type-video is-provider-youtube wp-embed-aspect-16-9 wp-has-aspect-ratio\"><div class=\"wp-block-embed__wrapper\">\n<iframe loading=\"lazy\" title=\"GUEOUL VUE DU CIEL\" width=\"768\" height=\"432\" src=\"https:\/\/www.youtube.com\/embed\/H4ECLEARkmM?feature=oembed\" frameborder=\"0\" allow=\"accelerometer; autoplay; clipboard-write; encrypted-media; gyroscope; picture-in-picture\" allowfullscreen><\/iframe>\n<\/div><\/figure>\n\n\n\n<p><\/p>\n","protected":false},"excerpt":{"rendered":"<p>D\u00e9couvrez notre commune Gu\u00e9oul vue du ciel par EL Mamoun<\/p>\n","protected":false},"author":2,"featured_media":411,"parent":0,"menu_order":0,"comment_status":"closed","ping_status":"closed","template":"","meta":{"footnotes":""},"class_list":["post-198","page","type-page","status-publish","has-post-thumbnail","hentry"],"yoast_head":"<!-- This site is optimized with the Yoast SEO plugin v24.9 - https:\/\/yoast.com\/wordpress\/plugins\/seo\/ -->\n<title>F\u00e9d\u00e9ration Gu\u00e9oul Diaspora - D\u00e9couvrir la commune de Gu\u00e9oul<\/title>\n<meta name=\"description\" content=\"Gu\u00e9oul vue du ciel\" \/>\n<meta name=\"robots\" content=\"index, follow, max-snippet:-1, max-image-preview:large, max-video-preview:-1\" \/>\n<link rel=\"canonical\" href=\"https:\/\/gueouldiaspora.org\/?page_id=198\" \/>\n<meta property=\"og:locale\" content=\"fr_FR\" \/>\n<meta property=\"og:type\" content=\"article\" \/>\n<meta property=\"og:title\" content=\"F\u00e9d\u00e9ration Gu\u00e9oul Diaspora - D\u00e9couvrir la commune de Gu\u00e9oul\" \/>\n<meta property=\"og:description\" content=\"Gu\u00e9oul vue du ciel\" \/>\n<meta property=\"og:url\" content=\"https:\/\/gueouldiaspora.org\/?page_id=198\" \/>\n<meta property=\"og:site_name\" content=\"F\u00e9d\u00e9ration Gu\u00e9oul Diaspora\" \/>\n<meta property=\"og:image\" content=\"https:\/\/gueouldiaspora.org\/wp-content\/uploads\/2020\/12\/gueoul_commune.jpg\" \/>\n\t<meta property=\"og:image:width\" content=\"532\" \/>\n\t<meta property=\"og:image:height\" content=\"236\" \/>\n\t<meta property=\"og:image:type\" content=\"image\/jpeg\" \/>\n<script type=\"application\/ld+json\" class=\"yoast-schema-graph\">{\"@context\":\"https:\/\/schema.org\",\"@graph\":[{\"@type\":\"WebPage\",\"@id\":\"https:\/\/gueouldiaspora.org\/?page_id=198\",\"url\":\"https:\/\/gueouldiaspora.org\/?page_id=198\",\"name\":\"F\u00e9d\u00e9ration Gu\u00e9oul Diaspora - D\u00e9couvrir la commune de Gu\u00e9oul\",\"isPartOf\":{\"@id\":\"https:\/\/gueouldiaspora.org\/#website\"},\"primaryImageOfPage\":{\"@id\":\"https:\/\/gueouldiaspora.org\/?page_id=198#primaryimage\"},\"image\":{\"@id\":\"https:\/\/gueouldiaspora.org\/?page_id=198#primaryimage\"},\"thumbnailUrl\":\"https:\/\/gueouldiaspora.org\/wp-content\/uploads\/2020\/12\/gueoul_commune.jpg\",\"datePublished\":\"2020-10-26T11:45:54+00:00\",\"description\":\"Gu\u00e9oul vue du ciel\",\"inLanguage\":\"fr-FR\",\"potentialAction\":[{\"@type\":\"ReadAction\",\"target\":[\"https:\/\/gueouldiaspora.org\/?page_id=198\"]}]},{\"@type\":\"ImageObject\",\"inLanguage\":\"fr-FR\",\"@id\":\"https:\/\/gueouldiaspora.org\/?page_id=198#primaryimage\",\"url\":\"https:\/\/gueouldiaspora.org\/wp-content\/uploads\/2020\/12\/gueoul_commune.jpg\",\"contentUrl\":\"https:\/\/gueouldiaspora.org\/wp-content\/uploads\/2020\/12\/gueoul_commune.jpg\",\"width\":532,\"height\":236},{\"@type\":\"WebSite\",\"@id\":\"https:\/\/gueouldiaspora.org\/#website\",\"url\":\"https:\/\/gueouldiaspora.org\/\",\"name\":\"F\u00e9d\u00e9ration Gu\u00e9oul Diaspora\",\"description\":\"S&#039;unir pour mieux Servir\",\"potentialAction\":[{\"@type\":\"SearchAction\",\"target\":{\"@type\":\"EntryPoint\",\"urlTemplate\":\"https:\/\/gueouldiaspora.org\/?s={search_term_string}\"},\"query-input\":{\"@type\":\"PropertyValueSpecification\",\"valueRequired\":true,\"valueName\":\"search_term_string\"}}],\"inLanguage\":\"fr-FR\"}]}<\/script>\n<!-- \/ Yoast SEO plugin. -->","yoast_head_json":{"title":"F\u00e9d\u00e9ration Gu\u00e9oul Diaspora - D\u00e9couvrir la commune de Gu\u00e9oul","description":"Gu\u00e9oul vue du ciel","robots":{"index":"index","follow":"follow","max-snippet":"max-snippet:-1","max-image-preview":"max-image-preview:large","max-video-preview":"max-video-preview:-1"},"canonical":"https:\/\/gueouldiaspora.org\/?page_id=198","og_locale":"fr_FR","og_type":"article","og_title":"F\u00e9d\u00e9ration Gu\u00e9oul Diaspora - D\u00e9couvrir la commune de Gu\u00e9oul","og_description":"Gu\u00e9oul vue du ciel","og_url":"https:\/\/gueouldiaspora.org\/?page_id=198","og_site_name":"F\u00e9d\u00e9ration Gu\u00e9oul Diaspora","og_image":[{"width":532,"height":236,"url":"https:\/\/gueouldiaspora.org\/wp-content\/uploads\/2020\/12\/gueoul_commune.jpg","type":"image\/jpeg"}],"schema":{"@context":"https:\/\/schema.org","@graph":[{"@type":"WebPage","@id":"https:\/\/gueouldiaspora.org\/?page_id=198","url":"https:\/\/gueouldiaspora.org\/?page_id=198","name":"F\u00e9d\u00e9ration Gu\u00e9oul Diaspora - D\u00e9couvrir la commune de Gu\u00e9oul","isPartOf":{"@id":"https:\/\/gueouldiaspora.org\/#website"},"primaryImageOfPage":{"@id":"https:\/\/gueouldiaspora.org\/?page_id=198#primaryimage"},"image":{"@id":"https:\/\/gueouldiaspora.org\/?page_id=198#primaryimage"},"thumbnailUrl":"https:\/\/gueouldiaspora.org\/wp-content\/uploads\/2020\/12\/gueoul_commune.jpg","datePublished":"2020-10-26T11:45:54+00:00","description":"Gu\u00e9oul vue du ciel","inLanguage":"fr-FR","potentialAction":[{"@type":"ReadAction","target":["https:\/\/gueouldiaspora.org\/?page_id=198"]}]},{"@type":"ImageObject","inLanguage":"fr-FR","@id":"https:\/\/gueouldiaspora.org\/?page_id=198#primaryimage","url":"https:\/\/gueouldiaspora.org\/wp-content\/uploads\/2020\/12\/gueoul_commune.jpg","contentUrl":"https:\/\/gueouldiaspora.org\/wp-content\/uploads\/2020\/12\/gueoul_commune.jpg","width":532,"height":236},{"@type":"WebSite","@id":"https:\/\/gueouldiaspora.org\/#website","url":"https:\/\/gueouldiaspora.org\/","name":"F\u00e9d\u00e9ration Gu\u00e9oul Diaspora","description":"S&#039;unir pour mieux Servir","potentialAction":[{"@type":"SearchAction","target":{"@type":"EntryPoint","urlTemplate":"https:\/\/gueouldiaspora.org\/?s={search_term_string}"},"query-input":{"@type":"PropertyValueSpecification","valueRequired":true,"valueName":"search_term_string"}}],"inLanguage":"fr-FR"}]}},"_links":{"self":[{"href":"https:\/\/gueouldiaspora.org\/index.php?rest_route=\/wp\/v2\/pages\/198","targetHints":{"allow":["GET"]}}],"collection":[{"href":"https:\/\/gueouldiaspora.org\/index.php?rest_route=\/wp\/v2\/pages"}],"about":[{"href":"https:\/\/gueouldiaspora.org\/index.php?rest_route=\/wp\/v2\/types\/page"}],"author":[{"embeddable":true,"href":"https:\/\/gueouldiaspora.org\/index.php?rest_route=\/wp\/v2\/users\/2"}],"replies":[{"embeddable":true,"href":"https:\/\/gueouldiaspora.org\/index.php?rest_route=%2Fwp%2Fv2%2Fcomments&post=198"}],"version-history":[{"count":0,"href":"https:\/\/gueouldiaspora.org\/index.php?rest_route=\/wp\/v2\/pages\/198\/revisions"}],"wp:featuredmedia":[{"embeddable":true,"href":"https:\/\/gueouldiaspora.org\/index.php?rest_route=\/wp\/v2\/media\/411"}],"wp:attachment":[{"href":"https:\/\/gueouldiaspora.org\/index.php?rest_route=%2Fwp%2Fv2%2Fmedia&parent=198"}],"curies":[{"name":"wp","href":"https:\/\/api.w.org\/{rel}","templated":true}]}}